{"id":1422,"date":"2023-07-04T10:21:49","date_gmt":"2023-07-04T08:21:49","guid":{"rendered":"https:\/\/reservation-mirai.eliophot.dev\/?page_id=1422"},"modified":"2024-03-19T16:14:38","modified_gmt":"2024-03-19T15:14:38","slug":"destination-1","status":"publish","type":"page","link":"https:\/\/reservation-mirai.eliophot.dev\/en\/tourisme\/destination-1\/","title":{"rendered":"Destination 1"},"content":{"rendered":"<div data-elementor-type=\"wp-page\" data-elementor-id=\"1422\" class=\"elementor elementor-1422\" data-elementor-post-type=\"page\">\n\t\t\t\t<div class=\"elementor-element elementor-element-71cb5106 e-con-full e-flex e-con e-parent\" data-id=\"71cb5106\" data-element_type=\"container\" data-settings=\"{&quot;background_background&quot;:&quot;classic&quot;}\">\n\t\t\t\t<div class=\"elementor-element elementor-element-70260372 elementor-widget elementor-widget-heading\" data-id=\"70260372\" data-element_type=\"widget\" data-widget_type=\"heading.default\">\n\t\t\t\t<div class=\"elementor-widget-container\">\n\t\t\t\t\t<span class=\"elementor-heading-title elementor-size-default\">Destination 1<\/span>\t\t\t\t<\/div>\n\t\t\t\t<\/div>\n\t\t\t\t<div class=\"elementor-element elementor-element-3b3de32 elementor-widget elementor-widget-heading\" data-id=\"3b3de32\" data-element_type=\"widget\" data-widget_type=\"heading.default\">\n\t\t\t\t<div class=\"elementor-widget-container\">\n\t\t\t\t\t<h1 class=\"elementor-heading-title elementor-size-default\">Reserved for h1<\/h1>\t\t\t\t<\/div>\n\t\t\t\t<\/div>\n\t\t\t\t<\/div>\n\t\t<div class=\"elementor-element elementor-element-ba0295c e-con-full e-flex e-con e-parent\" data-id=\"ba0295c\" data-element_type=\"container\">\n\t\t\t\t<div class=\"elementor-element elementor-element-173e9acb elementor-mobile-align-center elementor-widget elementor-widget-button\" data-id=\"173e9acb\" data-element_type=\"widget\" data-widget_type=\"button.default\">\n\t\t\t\t<div class=\"elementor-widget-container\">\n\t\t\t\t\t\t\t\t\t<div class=\"elementor-button-wrapper\">\n\t\t\t\t\t<a class=\"elementor-button elementor-button-link elementor-size-sm\" href=\"https:\/\/reservation-mirai.eliophot.dev\/en\/tourisme\/destination-4\/\">\n\t\t\t\t\t\t<span class=\"elementor-button-content-wrapper\">\n\t\t\t\t\t\t<span class=\"elementor-button-icon\">\n\t\t\t\t<i aria-hidden=\"true\" class=\"eliofont eliofont-arrow-left\"><\/i>\t\t\t<\/span>\n\t\t\t\t\t\t\t\t\t<span class=\"elementor-button-text\">Destination pr\u00e9c\u00e9dente<\/span>\n\t\t\t\t\t<\/span>\n\t\t\t\t\t<\/a>\n\t\t\t\t<\/div>\n\t\t\t\t\t\t\t\t<\/div>\n\t\t\t\t<\/div>\n\t\t\t\t<div class=\"elementor-element elementor-element-11ff8c4e elementor-mobile-align-center elementor-widget elementor-widget-button\" data-id=\"11ff8c4e\" data-element_type=\"widget\" data-widget_type=\"button.default\">\n\t\t\t\t<div class=\"elementor-widget-container\">\n\t\t\t\t\t\t\t\t\t<div class=\"elementor-button-wrapper\">\n\t\t\t\t\t<a class=\"elementor-button elementor-button-link elementor-size-sm\" href=\"https:\/\/reservation-mirai.eliophot.dev\/en\/tourisme\/destination-2\/\">\n\t\t\t\t\t\t<span class=\"elementor-button-content-wrapper\">\n\t\t\t\t\t\t<span class=\"elementor-button-icon\">\n\t\t\t\t<i aria-hidden=\"true\" class=\"eliofont eliofont-arrow-right\"><\/i>\t\t\t<\/span>\n\t\t\t\t\t\t\t\t\t<span class=\"elementor-button-text\">Destination suivante<\/span>\n\t\t\t\t\t<\/span>\n\t\t\t\t\t<\/a>\n\t\t\t\t<\/div>\n\t\t\t\t\t\t\t\t<\/div>\n\t\t\t\t<\/div>\n\t\t\t\t<\/div>\n\t\t<div class=\"elementor-element elementor-element-272c0e6 e-con-full fade-bloc e-flex e-con e-parent\" data-id=\"272c0e6\" data-element_type=\"container\" data-settings=\"{&quot;background_background&quot;:&quot;classic&quot;}\">\n\t\t<div class=\"elementor-element elementor-element-487001a2 e-con-full fade-content e-flex e-con e-parent\" data-id=\"487001a2\" data-element_type=\"container\" data-settings=\"{&quot;background_background&quot;:&quot;classic&quot;}\">\n\t\t<div class=\"elementor-element elementor-element-4ff026d6 e-flex e-con-boxed e-con e-parent\" data-id=\"4ff026d6\" data-element_type=\"container\">\n\t\t\t\t\t<div class=\"e-con-inner\">\n\t\t\t\t<div class=\"elementor-element elementor-element-4f57c7a5 fade-title elementor-widget elementor-widget-heading\" data-id=\"4f57c7a5\" data-element_type=\"widget\" data-widget_type=\"heading.default\">\n\t\t\t\t<div class=\"elementor-widget-container\">\n\t\t\t\t\t<h2 class=\"elementor-heading-title elementor-size-default\">Contenu divers<\/h2>\t\t\t\t<\/div>\n\t\t\t\t<\/div>\n\t\t\t\t<div class=\"elementor-element elementor-element-31c3dd47 fade-subtext elementor-widget elementor-widget-text-editor\" data-id=\"31c3dd47\" data-element_type=\"widget\" data-widget_type=\"text-editor.default\">\n\t\t\t\t<div class=\"elementor-widget-container\">\n\t\t\t\t\t\t\t\t\t<p>Lorem ipsum dolor sit amet, consectetur adipiscing elit. Ut elit tellus, luctus nec ullamcorper mattis, pulvinar dapibus leo.<\/p>\t\t\t\t\t\t\t\t<\/div>\n\t\t\t\t<\/div>\n\t\t\t\t<div class=\"elementor-element elementor-element-399600f7 fade-text elementor-widget elementor-widget-text-editor\" data-id=\"399600f7\" data-element_type=\"widget\" data-widget_type=\"text-editor.default\">\n\t\t\t\t<div class=\"elementor-widget-container\">\n\t\t\t\t\t\t\t\t\t<p>Nam auctor libero felis, vitae eleifend neque vestibulum vitae. Duis consequat dui vel sem congue ullamcorper. Praesent auctor, nisi id laoreet auctor, nisl urna vulputate felis, vel tincidunt est turpis auctor tellus. Maecenas in feugiat ligula. Phasellus commodo condimentum dui vitae sollicitudin. Aenean vitae risus vitae dui tempor tristique.\u00a0<\/p><p>Mauris fermentum lacus at lacinia cursus.<\/p><p>Nam sed vulputate neque. Vivamus vel elit rutrum, sollicitudin erat sed, laoreet libero. Morbi scelerisque lectus id tortor vestibulum dignissim. Phasellus vel est at metus convallis dapibus. Etiam id ligula non nisl sagittis dapibus.<\/p>\t\t\t\t\t\t\t\t<\/div>\n\t\t\t\t<\/div>\n\t\t\t\t\t<\/div>\n\t\t\t\t<\/div>\n\t\t\t\t<\/div>\n\t\t<div class=\"elementor-element elementor-element-69f08153 e-con-full e-flex e-con e-parent\" data-id=\"69f08153\" data-element_type=\"container\" data-settings=\"{&quot;background_background&quot;:&quot;classic&quot;}\">\n\t\t\t\t<\/div>\n\t\t\t\t<\/div>\n\t\t<div class=\"elementor-element elementor-element-62a940e e-con-full fade-bloc e-flex e-con e-parent\" data-id=\"62a940e\" data-element_type=\"container\">\n\t\t<div class=\"elementor-element elementor-element-259d5eee e-con-full fade-content e-flex e-con e-parent\" data-id=\"259d5eee\" data-element_type=\"container\" data-settings=\"{&quot;background_background&quot;:&quot;classic&quot;}\">\n\t\t<div class=\"elementor-element elementor-element-4e840173 e-flex e-con-boxed e-con e-parent\" data-id=\"4e840173\" data-element_type=\"container\">\n\t\t\t\t\t<div class=\"e-con-inner\">\n\t\t\t\t<div class=\"elementor-element elementor-element-7dfe483c fade-title elementor-widget elementor-widget-heading\" data-id=\"7dfe483c\" data-element_type=\"widget\" data-widget_type=\"heading.default\">\n\t\t\t\t<div class=\"elementor-widget-container\">\n\t\t\t\t\t<h2 class=\"elementor-heading-title elementor-size-default\">Contenu divers<\/h2>\t\t\t\t<\/div>\n\t\t\t\t<\/div>\n\t\t\t\t<div class=\"elementor-element elementor-element-1fc93e81 fade-subtext elementor-widget elementor-widget-text-editor\" data-id=\"1fc93e81\" data-element_type=\"widget\" data-widget_type=\"text-editor.default\">\n\t\t\t\t<div class=\"elementor-widget-container\">\n\t\t\t\t\t\t\t\t\t<p>Lorem ipsum dolor sit amet, consectetur adipiscing elit. Ut elit tellus, luctus nec ullamcorper mattis, pulvinar dapibus leo.<\/p>\t\t\t\t\t\t\t\t<\/div>\n\t\t\t\t<\/div>\n\t\t\t\t<div class=\"elementor-element elementor-element-15857b59 fade-text elementor-widget elementor-widget-text-editor\" data-id=\"15857b59\" data-element_type=\"widget\" data-widget_type=\"text-editor.default\">\n\t\t\t\t<div class=\"elementor-widget-container\">\n\t\t\t\t\t\t\t\t\t<p>Nam auctor libero felis, vitae eleifend neque vestibulum vitae. Duis consequat dui vel sem congue ullamcorper. Praesent auctor, nisi id laoreet auctor, nisl urna vulputate felis, vel tincidunt est turpis auctor tellus. Maecenas in feugiat ligula. Phasellus commodo condimentum dui vitae sollicitudin. Aenean vitae risus vitae dui tempor tristique.\u00a0<\/p><p>Mauris fermentum lacus at lacinia cursus.<\/p><p>Nam sed vulputate neque. Vivamus vel elit rutrum, sollicitudin erat sed, laoreet libero. Morbi scelerisque lectus id tortor vestibulum dignissim. Phasellus vel est at metus convallis dapibus. Etiam id ligula non nisl sagittis dapibus.<\/p>\t\t\t\t\t\t\t\t<\/div>\n\t\t\t\t<\/div>\n\t\t\t\t\t<\/div>\n\t\t\t\t<\/div>\n\t\t\t\t<\/div>\n\t\t<div class=\"elementor-element elementor-element-213fee6e e-con-full e-flex e-con e-parent\" data-id=\"213fee6e\" data-element_type=\"container\" data-settings=\"{&quot;background_background&quot;:&quot;classic&quot;}\">\n\t\t\t\t<\/div>\n\t\t\t\t<\/div>\n\t\t\t\t<\/div>","protected":false},"excerpt":{"rendered":"<p>R\u00e9serv\u00e9 au h1 Destination pr\u00e9c\u00e9dente Destination suivante Contenu divers Lorem ipsum dolor sit amet, consectetur adipiscing elit. Ut elit tellus, luctus nec ullamcorper mattis, pulvinar dapibus leo. Nam auctor libero felis, vitae eleifend neque vestibulum vitae. Duis consequat dui vel sem congue ullamcorper. Praesent auctor, nisi id laoreet auctor, nisl urna vulputate felis, vel tincidunt [&hellip;]<\/p>","protected":false},"author":13,"featured_media":0,"parent":67,"menu_order":0,"comment_status":"closed","ping_status":"closed","template":"","meta":{"_acf_changed":false,"inline_featured_image":false,"footnotes":""},"class_list":["post-1422","page","type-page","status-publish","hentry"],"acf":[],"_links":{"self":[{"href":"https:\/\/reservation-mirai.eliophot.dev\/en\/wp-json\/wp\/v2\/pages\/1422","targetHints":{"allow":["GET"]}}],"collection":[{"href":"https:\/\/reservation-mirai.eliophot.dev\/en\/wp-json\/wp\/v2\/pages"}],"about":[{"href":"https:\/\/reservation-mirai.eliophot.dev\/en\/wp-json\/wp\/v2\/types\/page"}],"author":[{"embeddable":true,"href":"https:\/\/reservation-mirai.eliophot.dev\/en\/wp-json\/wp\/v2\/users\/13"}],"replies":[{"embeddable":true,"href":"https:\/\/reservation-mirai.eliophot.dev\/en\/wp-json\/wp\/v2\/comments?post=1422"}],"version-history":[{"count":49,"href":"https:\/\/reservation-mirai.eliophot.dev\/en\/wp-json\/wp\/v2\/pages\/1422\/revisions"}],"predecessor-version":[{"id":3061,"href":"https:\/\/reservation-mirai.eliophot.dev\/en\/wp-json\/wp\/v2\/pages\/1422\/revisions\/3061"}],"up":[{"embeddable":true,"href":"https:\/\/reservation-mirai.eliophot.dev\/en\/wp-json\/wp\/v2\/pages\/67"}],"wp:attachment":[{"href":"https:\/\/reservation-mirai.eliophot.dev\/en\/wp-json\/wp\/v2\/media?parent=1422"}],"curies":[{"name":"wp","href":"https:\/\/api.w.org\/{rel}","templated":true}]}}